{"id":1560,"date":"2024-11-13T18:57:43","date_gmt":"2024-11-13T18:57:43","guid":{"rendered":"https:\/\/caribbeaninnovationdays.com\/?page_id=1560"},"modified":"2024-11-13T18:57:45","modified_gmt":"2024-11-13T18:57:45","slug":"mentions-legales","status":"publish","type":"page","link":"https:\/\/caribbeaninnovationdays.com\/en\/mentions-legales\/","title":{"rendered":"Legal notices"},"content":{"rendered":"<p><strong>En vigueur au <\/strong><strong>(1.11.2023)<\/strong><\/p>\n\n\n\n<p>Conform\u00e9ment aux dispositions des Articles 6-III et 19 de la Loi n\u00b02004-575 du 21 juin 2004 pour la Confiance dans l\u2019\u00e9conomie num\u00e9rique, dite L.C.E.N., il est port\u00e9 \u00e0 la connaissance des Utilisateurs du site www.caribbeaninnovationdays.com les pr\u00e9sentes mentions l\u00e9gales.<\/p>\n\n\n\n<p>La connexion et la navigation sur le site www.caribbeaninnovationdays.com par l\u2019utilisateur implique acceptation int\u00e9grale et sans r\u00e9serve des pr\u00e9sentes mentions l\u00e9gales.<\/p>\n\n\n\n<p>Ces derni\u00e8res sont accessibles sur le site \u00e0 la rubrique \u00ab Mentions l\u00e9gales \u00bb.<\/p>\n\n\n\n<h2 class=\"wp-block-heading\">ARTICLE 1 : L\u2019\u00e9diteur<\/h2>\n\n\n\n<p>L\u2019\u00e9dition du site www.caribbeaninnovationdays.com est assur\u00e9e par l\u2019Association\u00a0 I-NOVA Guadeloupe, Technopole by RETIS, immatricul\u00e9e sous le num\u00e9ro (921 845 038 00014) dont le si\u00e8ge social est situ\u00e9 au Guadeloupe Formation de Roujol, 97170 Petit &#8211; Bourg, e-mail : contact@inova.gp<\/p>\n\n\n\n<h2 class=\"wp-block-heading\">ARTICLE 2 : L\u2019h\u00e9bergeur<\/h2>\n\n\n\n<p>L\u2019h\u00e9bergeur du site www.caribbeaninnovationdays.com est la CLOUD SENSITIVE, dont le si\u00e8ge social est situ\u00e9 au 18 quai jean baptiste cl\u00e9ment 94140 Alfortville<\/p>\n\n\n\n<h2 class=\"wp-block-heading\">ARTICLE 3 : Acc\u00e8s au site<\/h2>\n\n\n\n<p>Le site est accessible par tout endroit, 7j\/7, 24h\/24 sauf cas de force majeure, interruption programm\u00e9e ou non et pouvant d\u00e9coulant d\u2019une n\u00e9cessit\u00e9 de maintenance.<\/p>\n\n\n\n<p>En cas de modification, interruption ou suspension des services le site www.caribbeaninnovationdays.com ne saurait \u00eatre tenu responsable.<\/p>\n\n\n\n<h2 class=\"wp-block-heading\">ARTICLE 4 : Collecte des donn\u00e9es<\/h2>\n\n\n\n<p>Le site assure \u00e0 l\u2019Utilisateur une collecte et un traitement d\u2019informations personnelles dans le respect de la vie priv\u00e9e conform\u00e9ment \u00e0 la loi n\u00b078-17 du 6 janvier 1978 relative \u00e0 l\u2019informatique, aux fichiers et aux libert\u00e9s.<\/p>\n\n\n\n<p>En vertu de la loi Informatique et Libert\u00e9s, en date du 6 janvier 1978, l\u2019Utilisateur dispose d\u2019un droit d\u2019acc\u00e8s, de rectification, de suppression et d\u2019opposition de ses donn\u00e9es personnelles. L\u2019Utilisateur exerce ce droit :<\/p>\n\n\n\n<p>\u00b7 par voie postale au Guadeloupe Formation de Roujol, 97170 &nbsp;Petit &#8211; Bourg ;<\/p>\n\n\n\n<p>\u00b7&nbsp;<a href=\"https:\/\/inova.gp\/contact\/\" data-type=\"page\" data-id=\"121\">via un formulaire de contact<\/a>&nbsp;;<\/p>\n\n\n\n<h2 class=\"wp-block-heading\">ARTICLE 5 : Cookies<\/h2>\n\n\n\n<p>L\u2019Utilisateur est inform\u00e9 que lors de ses visites sur le site, un cookie peut s\u2019installer automatiquement sur son logiciel de navigation.<\/p>\n\n\n\n<p>En naviguant sur le site, il les accepte.<\/p>\n\n\n\n<p>Un cookie est un \u00e9l\u00e9ment qui ne permet pas d\u2019identifier l\u2019Utilisateur mais sert \u00e0 enregistrer des informations relatives \u00e0 la navigation de celui-ci sur le site Internet. L\u2019Utilisateur pourra d\u00e9sactiver ce cookie par l\u2019interm\u00e9diaire des param\u00e8tres figurant au sein de son logiciel de navigation.<\/p>\n\n\n\n<h2 class=\"wp-block-heading\">ARTICLE 6 : Propri\u00e9t\u00e9 intellectuelle<\/h2>\n\n\n\n<p>Toute utilisation, reproduction, diffusion, commercialisation, modification de toute ou partie du site www.caribbeaninnovationdays.com,\u00a0sans autorisation de l\u2019Editeur est prohib\u00e9e et pourra entra\u00eener des actions et poursuites judiciaires telles que notamment pr\u00e9vues par le Code de la propri\u00e9t\u00e9 intellectuelle et le Code civil.<\/p>","protected":false},"excerpt":{"rendered":"<p>En vigueur au (1.11.2023) Conform\u00e9ment aux dispositions des Articles 6-III et 19 de la Loi n\u00b02004-575 du 21 juin 2004 pour la Confiance dans l\u2019\u00e9conomie num\u00e9rique, dite L.C.E.N., il est port\u00e9 \u00e0 la connaissance des Utilisateurs du site www.caribbeaninnovationdays.com les pr\u00e9sentes mentions l\u00e9gales. La connexion et la navigation sur le site www.caribbeaninnovationdays.com par l\u2019utilisateur implique [&hellip;]<\/p>\n","protected":false},"author":1,"featured_media":0,"parent":0,"menu_order":0,"comment_status":"closed","ping_status":"closed","template":"","meta":{"footnotes":""},"class_list":["post-1560","page","type-page","status-publish","hentry"],"yoast_head":"<!-- This site is optimized with the Yoast SEO plugin v27.0 - https:\/\/yoast.com\/product\/yoast-seo-wordpress\/ -->\n<title>Mentions l\u00e9gales - Caribbean Innovation Days<\/title>\n<meta name=\"robots\" content=\"index, follow, max-snippet:-1, max-image-preview:large, max-video-preview:-1\" \/>\n<link rel=\"canonical\" href=\"https:\/\/caribbeaninnovationdays.com\/en\/mentions-legales\/\" \/>\n<meta property=\"og:locale\" content=\"en_US\" \/>\n<meta property=\"og:type\" content=\"article\" \/>\n<meta property=\"og:title\" content=\"Mentions l\u00e9gales - Caribbean Innovation Days\" \/>\n<meta property=\"og:description\" content=\"En vigueur au (1.11.2023) Conform\u00e9ment aux dispositions des Articles 6-III et 19 de la Loi n\u00b02004-575 du 21 juin 2004 pour la Confiance dans l\u2019\u00e9conomie num\u00e9rique, dite L.C.E.N., il est port\u00e9 \u00e0 la connaissance des Utilisateurs du site www.caribbeaninnovationdays.com les pr\u00e9sentes mentions l\u00e9gales. La connexion et la navigation sur le site www.caribbeaninnovationdays.com par l\u2019utilisateur implique [&hellip;]\" \/>\n<meta property=\"og:url\" content=\"https:\/\/caribbeaninnovationdays.com\/en\/mentions-legales\/\" \/>\n<meta property=\"og:site_name\" content=\"Caribbean Innovation Days\" \/>\n<meta property=\"article:modified_time\" content=\"2024-11-13T18:57:45+00:00\" \/>\n<meta name=\"twitter:card\" content=\"summary_large_image\" \/>\n<meta name=\"twitter:label1\" content=\"Est. reading time\" \/>\n\t<meta name=\"twitter:data1\" content=\"3 minutes\" \/>\n<script type=\"application\/ld+json\" class=\"yoast-schema-graph\">{\"@context\":\"https:\/\/schema.org\",\"@graph\":[{\"@type\":\"WebPage\",\"@id\":\"https:\/\/caribbeaninnovationdays.com\/mentions-legales\/\",\"url\":\"https:\/\/caribbeaninnovationdays.com\/mentions-legales\/\",\"name\":\"Mentions l\u00e9gales - Caribbean Innovation Days\",\"isPartOf\":{\"@id\":\"https:\/\/caribbeaninnovationdays.com\/#website\"},\"datePublished\":\"2024-11-13T18:57:43+00:00\",\"dateModified\":\"2024-11-13T18:57:45+00:00\",\"breadcrumb\":{\"@id\":\"https:\/\/caribbeaninnovationdays.com\/mentions-legales\/#breadcrumb\"},\"inLanguage\":\"en-US\",\"potentialAction\":[{\"@type\":\"ReadAction\",\"target\":[\"https:\/\/caribbeaninnovationdays.com\/mentions-legales\/\"]}]},{\"@type\":\"BreadcrumbList\",\"@id\":\"https:\/\/caribbeaninnovationdays.com\/mentions-legales\/#breadcrumb\",\"itemListElement\":[{\"@type\":\"ListItem\",\"position\":1,\"name\":\"Accueil\",\"item\":\"https:\/\/caribbeaninnovationdays.com\/\"},{\"@type\":\"ListItem\",\"position\":2,\"name\":\"Mentions l\u00e9gales\"}]},{\"@type\":\"WebSite\",\"@id\":\"https:\/\/caribbeaninnovationdays.com\/#website\",\"url\":\"https:\/\/caribbeaninnovationdays.com\/\",\"name\":\"Caribbean Innovation Days\",\"description\":\"\",\"publisher\":{\"@id\":\"https:\/\/caribbeaninnovationdays.com\/#organization\"},\"potentialAction\":[{\"@type\":\"SearchAction\",\"target\":{\"@type\":\"EntryPoint\",\"urlTemplate\":\"https:\/\/caribbeaninnovationdays.com\/?s={search_term_string}\"},\"query-input\":{\"@type\":\"PropertyValueSpecification\",\"valueRequired\":true,\"valueName\":\"search_term_string\"}}],\"inLanguage\":\"en-US\"},{\"@type\":\"Organization\",\"@id\":\"https:\/\/caribbeaninnovationdays.com\/#organization\",\"name\":\"Caribbean Innovation Days\",\"url\":\"https:\/\/caribbeaninnovationdays.com\/\",\"logo\":{\"@type\":\"ImageObject\",\"inLanguage\":\"en-US\",\"@id\":\"https:\/\/caribbeaninnovationdays.com\/#\/schema\/logo\/image\/\",\"url\":\"https:\/\/caribbeaninnovationdays.com\/wp-content\/uploads\/2024\/10\/logo-cids.svg\",\"contentUrl\":\"https:\/\/caribbeaninnovationdays.com\/wp-content\/uploads\/2024\/10\/logo-cids.svg\",\"width\":243,\"height\":151,\"caption\":\"Caribbean Innovation Days\"},\"image\":{\"@id\":\"https:\/\/caribbeaninnovationdays.com\/#\/schema\/logo\/image\/\"}}]}<\/script>\n<!-- \/ Yoast SEO plugin. -->","yoast_head_json":{"title":"Mentions l\u00e9gales - Caribbean Innovation Days","robots":{"index":"index","follow":"follow","max-snippet":"max-snippet:-1","max-image-preview":"max-image-preview:large","max-video-preview":"max-video-preview:-1"},"canonical":"https:\/\/caribbeaninnovationdays.com\/en\/mentions-legales\/","og_locale":"en_US","og_type":"article","og_title":"Mentions l\u00e9gales - Caribbean Innovation Days","og_description":"En vigueur au (1.11.2023) Conform\u00e9ment aux dispositions des Articles 6-III et 19 de la Loi n\u00b02004-575 du 21 juin 2004 pour la Confiance dans l\u2019\u00e9conomie num\u00e9rique, dite L.C.E.N., il est port\u00e9 \u00e0 la connaissance des Utilisateurs du site www.caribbeaninnovationdays.com les pr\u00e9sentes mentions l\u00e9gales. La connexion et la navigation sur le site www.caribbeaninnovationdays.com par l\u2019utilisateur implique [&hellip;]","og_url":"https:\/\/caribbeaninnovationdays.com\/en\/mentions-legales\/","og_site_name":"Caribbean Innovation Days","article_modified_time":"2024-11-13T18:57:45+00:00","twitter_card":"summary_large_image","twitter_misc":{"Est. reading time":"3 minutes"},"schema":{"@context":"https:\/\/schema.org","@graph":[{"@type":"WebPage","@id":"https:\/\/caribbeaninnovationdays.com\/mentions-legales\/","url":"https:\/\/caribbeaninnovationdays.com\/mentions-legales\/","name":"Mentions l\u00e9gales - Caribbean Innovation Days","isPartOf":{"@id":"https:\/\/caribbeaninnovationdays.com\/#website"},"datePublished":"2024-11-13T18:57:43+00:00","dateModified":"2024-11-13T18:57:45+00:00","breadcrumb":{"@id":"https:\/\/caribbeaninnovationdays.com\/mentions-legales\/#breadcrumb"},"inLanguage":"en-US","potentialAction":[{"@type":"ReadAction","target":["https:\/\/caribbeaninnovationdays.com\/mentions-legales\/"]}]},{"@type":"BreadcrumbList","@id":"https:\/\/caribbeaninnovationdays.com\/mentions-legales\/#breadcrumb","itemListElement":[{"@type":"ListItem","position":1,"name":"Accueil","item":"https:\/\/caribbeaninnovationdays.com\/"},{"@type":"ListItem","position":2,"name":"Mentions l\u00e9gales"}]},{"@type":"WebSite","@id":"https:\/\/caribbeaninnovationdays.com\/#website","url":"https:\/\/caribbeaninnovationdays.com\/","name":"Caribbean Innovation Days","description":"","publisher":{"@id":"https:\/\/caribbeaninnovationdays.com\/#organization"},"potentialAction":[{"@type":"SearchAction","target":{"@type":"EntryPoint","urlTemplate":"https:\/\/caribbeaninnovationdays.com\/?s={search_term_string}"},"query-input":{"@type":"PropertyValueSpecification","valueRequired":true,"valueName":"search_term_string"}}],"inLanguage":"en-US"},{"@type":"Organization","@id":"https:\/\/caribbeaninnovationdays.com\/#organization","name":"Caribbean Innovation Days","url":"https:\/\/caribbeaninnovationdays.com\/","logo":{"@type":"ImageObject","inLanguage":"en-US","@id":"https:\/\/caribbeaninnovationdays.com\/#\/schema\/logo\/image\/","url":"https:\/\/caribbeaninnovationdays.com\/wp-content\/uploads\/2024\/10\/logo-cids.svg","contentUrl":"https:\/\/caribbeaninnovationdays.com\/wp-content\/uploads\/2024\/10\/logo-cids.svg","width":243,"height":151,"caption":"Caribbean Innovation Days"},"image":{"@id":"https:\/\/caribbeaninnovationdays.com\/#\/schema\/logo\/image\/"}}]}},"_links":{"self":[{"href":"https:\/\/caribbeaninnovationdays.com\/en\/wp-json\/wp\/v2\/pages\/1560","targetHints":{"allow":["GET"]}}],"collection":[{"href":"https:\/\/caribbeaninnovationdays.com\/en\/wp-json\/wp\/v2\/pages"}],"about":[{"href":"https:\/\/caribbeaninnovationdays.com\/en\/wp-json\/wp\/v2\/types\/page"}],"author":[{"embeddable":true,"href":"https:\/\/caribbeaninnovationdays.com\/en\/wp-json\/wp\/v2\/users\/1"}],"replies":[{"embeddable":true,"href":"https:\/\/caribbeaninnovationdays.com\/en\/wp-json\/wp\/v2\/comments?post=1560"}],"version-history":[{"count":1,"href":"https:\/\/caribbeaninnovationdays.com\/en\/wp-json\/wp\/v2\/pages\/1560\/revisions"}],"predecessor-version":[{"id":1561,"href":"https:\/\/caribbeaninnovationdays.com\/en\/wp-json\/wp\/v2\/pages\/1560\/revisions\/1561"}],"wp:attachment":[{"href":"https:\/\/caribbeaninnovationdays.com\/en\/wp-json\/wp\/v2\/media?parent=1560"}],"curies":[{"name":"wp","href":"https:\/\/api.w.org\/{rel}","templated":true}]}}