{"id":2088,"date":"2025-11-19T13:38:57","date_gmt":"2025-11-19T13:38:57","guid":{"rendered":"https:\/\/caribbeaninnovationdays.com\/?page_id=2088"},"modified":"2025-11-19T13:57:14","modified_gmt":"2025-11-19T13:57:14","slug":"speakers-3","status":"publish","type":"page","link":"https:\/\/caribbeaninnovationdays.com\/en\/speakers-3\/","title":{"rendered":"Speakers"},"content":{"rendered":"<div data-elementor-type=\"wp-page\" data-elementor-id=\"2088\" class=\"elementor elementor-2088\" data-elementor-post-type=\"page\">\n\t\t\t\t<div class=\"elementor-element elementor-element-450d010c e-con-full e-flex e-con e-parent\" data-id=\"450d010c\" data-element_type=\"container\" data-e-type=\"container\">\n\t\t<div class=\"elementor-element elementor-element-38c2cde1 gradient-1 e-flex e-con-boxed e-con e-child\" data-id=\"38c2cde1\" data-element_type=\"container\" data-e-type=\"container\" data-settings=\"{&quot;background_background&quot;:&quot;classic&quot;}\">\n\t\t\t\t\t<div class=\"e-con-inner\">\n\t\t<div class=\"elementor-element elementor-element-8e14436 e-con-full e-flex e-con e-child\" data-id=\"8e14436\" data-element_type=\"container\" data-e-type=\"container\">\n\t\t\t\t<div class=\"elementor-element elementor-element-5d18f724 elementor-widget-mobile__width-inherit elementor-widget__width-initial elementor-invisible elementor-widget elementor-widget-heading\" data-id=\"5d18f724\" data-element_type=\"widget\" data-e-type=\"widget\" data-settings=\"{&quot;_animation&quot;:&quot;fadeInLeft&quot;,&quot;_animation_delay&quot;:300}\" data-widget_type=\"heading.default\">\n\t\t\t\t<div class=\"elementor-widget-container\">\n\t\t\t\t\t<h1 class=\"elementor-heading-title elementor-size-default\">Speakers CIDs 2025<\/h1>\t\t\t\t<\/div>\n\t\t\t\t<\/div>\n\t\t<div class=\"elementor-element elementor-element-45110160 e-con-full e-flex e-con e-child\" data-id=\"45110160\" data-element_type=\"container\" data-e-type=\"container\">\n\t\t\t\t<div class=\"elementor-element elementor-element-4f5a2f9d elementor-invisible elementor-widget elementor-widget-text-editor\" data-id=\"4f5a2f9d\" data-element_type=\"widget\" data-e-type=\"widget\" data-settings=\"{&quot;_animation&quot;:&quot;fadeInLeft&quot;,&quot;_animation_delay&quot;:300}\" data-widget_type=\"text-editor.default\">\n\t\t\t\t<div class=\"elementor-widget-container\">\n\t\t\t\t\t\t\t\t\t<p>Political and economic decision-makers, researchers, experts, startup founders... They will be present at CIDs 2024 to share their experiences and vision of innovation at the Caribbean scale.<\/p>\t\t\t\t\t\t\t\t<\/div>\n\t\t\t\t<\/div>\n\t\t\t\t<\/div>\n\t\t\t\t<\/div>\n\t\t\t\t\t<\/div>\n\t\t\t\t<\/div>\n\t\t\t\t<\/div>\n\t\t<div class=\"elementor-element elementor-element-1800a202 e-con-full e-flex e-con e-parent\" data-id=\"1800a202\" data-element_type=\"container\" data-e-type=\"container\">\n\t\t\t\t<div class=\"elementor-element elementor-element-40f1fe0 elementor-widget elementor-widget-html\" data-id=\"40f1fe0\" data-element_type=\"widget\" data-e-type=\"widget\" data-widget_type=\"html.default\">\n\t\t\t\t<div class=\"elementor-widget-container\">\n\t\t\t\t\t<script>\r\n  (function() {\r\n    var script = document.createElement(\"script\");\r\n    script.src = \"https:\/\/app.swapcard.com\/widget.js\";\r\n    script.onload = function() {\r\n      _scWidget.init();\r\n    }\r\n    document.body.appendChild(script);\r\n  })();\r\n<\/script>\r\n<iframe id=\"sc-widget\" src=\"https:\/\/app.swapcard.com\/widget\/event\/caribbean-innovation-days-2025\/people\/RXZlbnRWaWV3XzExOTY3NjE=?paginationMode=infinite&source=script\" style=\"border: none; margin: 0px; width: 100%; display: block;\"><\/iframe>\t\t\t\t<\/div>\n\t\t\t\t<\/div>\n\t\t\t\t<\/div>\n\t\t<div class=\"elementor-element elementor-element-8452c1f e-flex e-con-boxed e-con e-parent\" data-id=\"8452c1f\" data-element_type=\"container\" data-e-type=\"container\">\n\t\t\t\t\t<div class=\"e-con-inner\">\n\t\t<div class=\"elementor-element elementor-element-2396d06e e-con-full gradient-2 e-flex e-con e-child\" data-id=\"2396d06e\" data-element_type=\"container\" data-e-type=\"container\" data-settings=\"{&quot;background_background&quot;:&quot;classic&quot;}\">\n\t\t<div class=\"elementor-element elementor-element-56c1c705 e-flex e-con-boxed e-con e-child\" data-id=\"56c1c705\" data-element_type=\"container\" data-e-type=\"container\">\n\t\t\t\t\t<div class=\"e-con-inner\">\n\t\t\t\t<div class=\"elementor-element elementor-element-690fb82b elementor-widget elementor-widget-heading\" data-id=\"690fb82b\" data-element_type=\"widget\" data-e-type=\"widget\" data-widget_type=\"heading.default\">\n\t\t\t\t<div class=\"elementor-widget-container\">\n\t\t\t\t\t<h2 class=\"elementor-heading-title elementor-size-default\">Book your pass now<\/h2>\t\t\t\t<\/div>\n\t\t\t\t<\/div>\n\t\t\t\t<div class=\"elementor-element elementor-element-407bb166 elementor-align-justify elementor-mobile-align-center elementor-widget elementor-widget-button\" data-id=\"407bb166\" data-element_type=\"widget\" data-e-type=\"widget\" data-widget_type=\"button.default\">\n\t\t\t\t<div class=\"elementor-widget-container\">\n\t\t\t\t\t\t\t\t\t<div class=\"elementor-button-wrapper\">\n\t\t\t\t\t<a class=\"elementor-button elementor-button-link elementor-size-sm\" href=\"\/en\/#pass\">\n\t\t\t\t\t\t<span class=\"elementor-button-content-wrapper\">\n\t\t\t\t\t\t<span class=\"elementor-button-icon\">\n\t\t\t\t<svg aria-hidden=\"true\" class=\"e-font-icon-svg e-fas-ticket-alt\" viewbox=\"0 0 576 512\" xmlns=\"http:\/\/www.w3.org\/2000\/svg\"><path d=\"M128 160h320v192H128V160zm400 96c0 26.51 21.49 48 48 48v96c0 26.51-21.49 48-48 48H48c-26.51 0-48-21.49-48-48v-96c26.51 0 48-21.49 48-48s-21.49-48-48-48v-96c0-26.51 21.49-48 48-48h480c26.51 0 48 21.49 48 48v96c-26.51 0-48 21.49-48 48zm-48-104c0-13.255-10.745-24-24-24H120c-13.255 0-24 10.745-24 24v208c0 13.255 10.745 24 24 24h336c13.255 0 24-10.745 24-24V152z\"><\/path><\/svg>\t\t\t<\/span>\n\t\t\t\t\t\t\t\t\t<span class=\"elementor-button-text\">Buy my pass<\/span>\n\t\t\t\t\t<\/span>\n\t\t\t\t\t<\/a>\n\t\t\t\t<\/div>\n\t\t\t\t\t\t\t\t<\/div>\n\t\t\t\t<\/div>\n\t\t\t\t\t<\/div>\n\t\t\t\t<\/div>\n\t\t\t\t<\/div>\n\t\t\t\t\t<\/div>\n\t\t\t\t<\/div>\n\t\t\t\t<\/div>","protected":false},"excerpt":{"rendered":"<p>Listes des speakers pr\u00e9sents \u00e0 l&rsquo;\u00e9v\u00e8nement.<\/p>","protected":false},"author":5,"featured_media":0,"parent":0,"menu_order":0,"comment_status":"closed","ping_status":"closed","template":"","meta":{"footnotes":""},"class_list":["post-2088","page","type-page","status-publish","hentry"],"yoast_head":"<!-- This site is optimized with the Yoast SEO plugin v27.0 - https:\/\/yoast.com\/product\/yoast-seo-wordpress\/ -->\n<title>Speakers - Caribbean Innovation Days<\/title>\n<meta name=\"robots\" content=\"index, follow, max-snippet:-1, max-image-preview:large, max-video-preview:-1\" \/>\n<link rel=\"canonical\" href=\"https:\/\/caribbeaninnovationdays.com\/en\/speakers-3\/\" \/>\n<meta property=\"og:locale\" content=\"en_US\" \/>\n<meta property=\"og:type\" content=\"article\" \/>\n<meta property=\"og:title\" content=\"Speakers - Caribbean Innovation Days\" \/>\n<meta property=\"og:description\" content=\"Listes des speakers pr\u00e9sents \u00e0 l&#039;\u00e9v\u00e8nement.\" \/>\n<meta property=\"og:url\" content=\"https:\/\/caribbeaninnovationdays.com\/en\/speakers-3\/\" \/>\n<meta property=\"og:site_name\" content=\"Caribbean Innovation Days\" \/>\n<meta property=\"article:modified_time\" content=\"2025-11-19T13:57:14+00:00\" \/>\n<meta name=\"twitter:card\" content=\"summary_large_image\" \/>\n<meta name=\"twitter:label1\" content=\"Est. reading time\" \/>\n\t<meta name=\"twitter:data1\" content=\"1 minute\" \/>\n<script type=\"application\/ld+json\" class=\"yoast-schema-graph\">{\"@context\":\"https:\/\/schema.org\",\"@graph\":[{\"@type\":\"WebPage\",\"@id\":\"https:\/\/caribbeaninnovationdays.com\/speakers-3\/\",\"url\":\"https:\/\/caribbeaninnovationdays.com\/speakers-3\/\",\"name\":\"Speakers - Caribbean Innovation Days\",\"isPartOf\":{\"@id\":\"https:\/\/caribbeaninnovationdays.com\/#website\"},\"datePublished\":\"2025-11-19T13:38:57+00:00\",\"dateModified\":\"2025-11-19T13:57:14+00:00\",\"breadcrumb\":{\"@id\":\"https:\/\/caribbeaninnovationdays.com\/speakers-3\/#breadcrumb\"},\"inLanguage\":\"en-US\",\"potentialAction\":[{\"@type\":\"ReadAction\",\"target\":[\"https:\/\/caribbeaninnovationdays.com\/speakers-3\/\"]}]},{\"@type\":\"BreadcrumbList\",\"@id\":\"https:\/\/caribbeaninnovationdays.com\/speakers-3\/#breadcrumb\",\"itemListElement\":[{\"@type\":\"ListItem\",\"position\":1,\"name\":\"Accueil\",\"item\":\"https:\/\/caribbeaninnovationdays.com\/\"},{\"@type\":\"ListItem\",\"position\":2,\"name\":\"Speakers\"}]},{\"@type\":\"WebSite\",\"@id\":\"https:\/\/caribbeaninnovationdays.com\/#website\",\"url\":\"https:\/\/caribbeaninnovationdays.com\/\",\"name\":\"Caribbean Innovation Days\",\"description\":\"\",\"publisher\":{\"@id\":\"https:\/\/caribbeaninnovationdays.com\/#organization\"},\"potentialAction\":[{\"@type\":\"SearchAction\",\"target\":{\"@type\":\"EntryPoint\",\"urlTemplate\":\"https:\/\/caribbeaninnovationdays.com\/?s={search_term_string}\"},\"query-input\":{\"@type\":\"PropertyValueSpecification\",\"valueRequired\":true,\"valueName\":\"search_term_string\"}}],\"inLanguage\":\"en-US\"},{\"@type\":\"Organization\",\"@id\":\"https:\/\/caribbeaninnovationdays.com\/#organization\",\"name\":\"Caribbean Innovation Days\",\"url\":\"https:\/\/caribbeaninnovationdays.com\/\",\"logo\":{\"@type\":\"ImageObject\",\"inLanguage\":\"en-US\",\"@id\":\"https:\/\/caribbeaninnovationdays.com\/#\/schema\/logo\/image\/\",\"url\":\"https:\/\/caribbeaninnovationdays.com\/wp-content\/uploads\/2024\/10\/logo-cids.svg\",\"contentUrl\":\"https:\/\/caribbeaninnovationdays.com\/wp-content\/uploads\/2024\/10\/logo-cids.svg\",\"width\":243,\"height\":151,\"caption\":\"Caribbean Innovation Days\"},\"image\":{\"@id\":\"https:\/\/caribbeaninnovationdays.com\/#\/schema\/logo\/image\/\"}}]}<\/script>\n<!-- \/ Yoast SEO plugin. -->","yoast_head_json":{"title":"Speakers - Caribbean Innovation Days","robots":{"index":"index","follow":"follow","max-snippet":"max-snippet:-1","max-image-preview":"max-image-preview:large","max-video-preview":"max-video-preview:-1"},"canonical":"https:\/\/caribbeaninnovationdays.com\/en\/speakers-3\/","og_locale":"en_US","og_type":"article","og_title":"Speakers - Caribbean Innovation Days","og_description":"Listes des speakers pr\u00e9sents \u00e0 l'\u00e9v\u00e8nement.","og_url":"https:\/\/caribbeaninnovationdays.com\/en\/speakers-3\/","og_site_name":"Caribbean Innovation Days","article_modified_time":"2025-11-19T13:57:14+00:00","twitter_card":"summary_large_image","twitter_misc":{"Est. reading time":"1 minute"},"schema":{"@context":"https:\/\/schema.org","@graph":[{"@type":"WebPage","@id":"https:\/\/caribbeaninnovationdays.com\/speakers-3\/","url":"https:\/\/caribbeaninnovationdays.com\/speakers-3\/","name":"Speakers - Caribbean Innovation Days","isPartOf":{"@id":"https:\/\/caribbeaninnovationdays.com\/#website"},"datePublished":"2025-11-19T13:38:57+00:00","dateModified":"2025-11-19T13:57:14+00:00","breadcrumb":{"@id":"https:\/\/caribbeaninnovationdays.com\/speakers-3\/#breadcrumb"},"inLanguage":"en-US","potentialAction":[{"@type":"ReadAction","target":["https:\/\/caribbeaninnovationdays.com\/speakers-3\/"]}]},{"@type":"BreadcrumbList","@id":"https:\/\/caribbeaninnovationdays.com\/speakers-3\/#breadcrumb","itemListElement":[{"@type":"ListItem","position":1,"name":"Accueil","item":"https:\/\/caribbeaninnovationdays.com\/"},{"@type":"ListItem","position":2,"name":"Speakers"}]},{"@type":"WebSite","@id":"https:\/\/caribbeaninnovationdays.com\/#website","url":"https:\/\/caribbeaninnovationdays.com\/","name":"Caribbean Innovation Days","description":"","publisher":{"@id":"https:\/\/caribbeaninnovationdays.com\/#organization"},"potentialAction":[{"@type":"SearchAction","target":{"@type":"EntryPoint","urlTemplate":"https:\/\/caribbeaninnovationdays.com\/?s={search_term_string}"},"query-input":{"@type":"PropertyValueSpecification","valueRequired":true,"valueName":"search_term_string"}}],"inLanguage":"en-US"},{"@type":"Organization","@id":"https:\/\/caribbeaninnovationdays.com\/#organization","name":"Caribbean Innovation Days","url":"https:\/\/caribbeaninnovationdays.com\/","logo":{"@type":"ImageObject","inLanguage":"en-US","@id":"https:\/\/caribbeaninnovationdays.com\/#\/schema\/logo\/image\/","url":"https:\/\/caribbeaninnovationdays.com\/wp-content\/uploads\/2024\/10\/logo-cids.svg","contentUrl":"https:\/\/caribbeaninnovationdays.com\/wp-content\/uploads\/2024\/10\/logo-cids.svg","width":243,"height":151,"caption":"Caribbean Innovation Days"},"image":{"@id":"https:\/\/caribbeaninnovationdays.com\/#\/schema\/logo\/image\/"}}]}},"_links":{"self":[{"href":"https:\/\/caribbeaninnovationdays.com\/en\/wp-json\/wp\/v2\/pages\/2088","targetHints":{"allow":["GET"]}}],"collection":[{"href":"https:\/\/caribbeaninnovationdays.com\/en\/wp-json\/wp\/v2\/pages"}],"about":[{"href":"https:\/\/caribbeaninnovationdays.com\/en\/wp-json\/wp\/v2\/types\/page"}],"author":[{"embeddable":true,"href":"https:\/\/caribbeaninnovationdays.com\/en\/wp-json\/wp\/v2\/users\/5"}],"replies":[{"embeddable":true,"href":"https:\/\/caribbeaninnovationdays.com\/en\/wp-json\/wp\/v2\/comments?post=2088"}],"version-history":[{"count":11,"href":"https:\/\/caribbeaninnovationdays.com\/en\/wp-json\/wp\/v2\/pages\/2088\/revisions"}],"predecessor-version":[{"id":2102,"href":"https:\/\/caribbeaninnovationdays.com\/en\/wp-json\/wp\/v2\/pages\/2088\/revisions\/2102"}],"wp:attachment":[{"href":"https:\/\/caribbeaninnovationdays.com\/en\/wp-json\/wp\/v2\/media?parent=2088"}],"curies":[{"name":"wp","href":"https:\/\/api.w.org\/{rel}","templated":true}]}}