{"id":233,"date":"2024-10-28T12:30:03","date_gmt":"2024-10-28T12:30:03","guid":{"rendered":"https:\/\/caribbeaninnovationdays.com\/?page_id=233"},"modified":"2024-11-08T11:38:18","modified_gmt":"2024-11-08T11:38:18","slug":"espace-presse","status":"publish","type":"page","link":"https:\/\/caribbeaninnovationdays.com\/en\/espace-presse\/","title":{"rendered":"Press"},"content":{"rendered":"\t\t<div data-elementor-type=\"wp-page\" data-elementor-id=\"233\" class=\"elementor elementor-233\" data-elementor-post-type=\"page\">\n\t\t\t\t<div class=\"elementor-element elementor-element-a3d0504 e-con-full e-flex e-con e-parent\" data-id=\"a3d0504\" data-element_type=\"container\" data-e-type=\"container\">\n\t\t<div class=\"elementor-element elementor-element-0ea09a1 gradient-1 e-flex e-con-boxed e-con e-child\" data-id=\"0ea09a1\" data-element_type=\"container\" data-e-type=\"container\" data-settings=\"{&quot;background_background&quot;:&quot;classic&quot;}\">\n\t\t\t\t\t<div class=\"e-con-inner\">\n\t\t<div class=\"elementor-element elementor-element-2ad8750 e-con-full e-flex e-con e-child\" data-id=\"2ad8750\" data-element_type=\"container\" data-e-type=\"container\">\n\t\t\t\t<div class=\"elementor-element elementor-element-c9ecbbd elementor-widget-mobile__width-inherit elementor-widget__width-initial elementor-invisible elementor-widget elementor-widget-heading\" data-id=\"c9ecbbd\" data-element_type=\"widget\" data-e-type=\"widget\" data-settings=\"{&quot;_animation&quot;:&quot;fadeInLeft&quot;,&quot;_animation_delay&quot;:300}\" data-widget_type=\"heading.default\">\n\t\t\t\t<div class=\"elementor-widget-container\">\n\t\t\t\t\t<h1 class=\"elementor-heading-title elementor-size-default\">Espace Presse<\/h1>\t\t\t\t<\/div>\n\t\t\t\t<\/div>\n\t\t<div class=\"elementor-element elementor-element-e6c6d80 e-con-full e-flex e-con e-child\" data-id=\"e6c6d80\" data-element_type=\"container\" data-e-type=\"container\">\n\t\t\t\t<div class=\"elementor-element elementor-element-de8f11e elementor-invisible elementor-widget elementor-widget-text-editor\" data-id=\"de8f11e\" data-element_type=\"widget\" data-e-type=\"widget\" data-settings=\"{&quot;_animation&quot;:&quot;fadeInLeft&quot;,&quot;_animation_delay&quot;:300}\" data-widget_type=\"text-editor.default\">\n\t\t\t\t<div class=\"elementor-widget-container\">\n\t\t\t\t\t\t\t\t\tD\u00e8s leur premi\u00e8re \u00e9dition, les CIDs nous plongent au c\u0153ur de l\u2019innovation carib\u00e9enne.\t\t\t\t\t\t\t\t<\/div>\n\t\t\t\t<\/div>\n\t\t\t\t<\/div>\n\t\t\t\t<\/div>\n\t\t\t\t\t<\/div>\n\t\t\t\t<\/div>\n\t\t\t\t<\/div>\n\t\t<div class=\"elementor-element elementor-element-268cade e-flex e-con-boxed e-con e-parent\" data-id=\"268cade\" data-element_type=\"container\" data-e-type=\"container\">\n\t\t\t\t\t<div class=\"e-con-inner\">\n\t\t<div class=\"elementor-element elementor-element-ecbfc4e e-con-full e-flex e-con e-child\" data-id=\"ecbfc4e\" data-element_type=\"container\" data-e-type=\"container\">\n\t\t\t\t<div class=\"elementor-element elementor-element-132872a elementor-widget elementor-widget-jet-listing-grid\" data-id=\"132872a\" data-element_type=\"widget\" data-e-type=\"widget\" data-settings=\"{&quot;columns&quot;:&quot;3&quot;}\" data-widget_type=\"jet-listing-grid.default\">\n\t\t\t\t<div class=\"elementor-widget-container\">\n\t\t\t\t\t<div class=\"jet-listing-grid jet-listing\"><div class=\"jet-listing-grid__items grid-col-desk-3 grid-col-tablet-3 grid-col-mobile-3 jet-listing-grid--1262\" data-queried-id=\"233|WP_Post\" data-nav=\"{&quot;enabled&quot;:false,&quot;type&quot;:null,&quot;more_el&quot;:null,&quot;query&quot;:[],&quot;widget_settings&quot;:{&quot;lisitng_id&quot;:1262,&quot;posts_num&quot;:1,&quot;columns&quot;:3,&quot;columns_tablet&quot;:3,&quot;columns_mobile&quot;:3,&quot;column_min_width&quot;:240,&quot;column_min_width_tablet&quot;:240,&quot;column_min_width_mobile&quot;:240,&quot;inline_columns_css&quot;:false,&quot;is_archive_template&quot;:&quot;&quot;,&quot;post_status&quot;:[&quot;publish&quot;],&quot;use_random_posts_num&quot;:&quot;&quot;,&quot;max_posts_num&quot;:9,&quot;not_found_message&quot;:&quot;No data was found&quot;,&quot;is_masonry&quot;:false,&quot;equal_columns_height&quot;:&quot;&quot;,&quot;use_load_more&quot;:&quot;&quot;,&quot;load_more_id&quot;:&quot;&quot;,&quot;load_more_type&quot;:&quot;click&quot;,&quot;load_more_offset&quot;:{&quot;unit&quot;:&quot;px&quot;,&quot;size&quot;:0,&quot;sizes&quot;:[]},&quot;use_custom_post_types&quot;:&quot;&quot;,&quot;custom_post_types&quot;:[],&quot;hide_widget_if&quot;:&quot;&quot;,&quot;carousel_enabled&quot;:&quot;&quot;,&quot;slides_to_scroll&quot;:&quot;1&quot;,&quot;arrows&quot;:&quot;true&quot;,&quot;arrow_icon&quot;:&quot;fa fa-angle-left&quot;,&quot;dots&quot;:&quot;&quot;,&quot;autoplay&quot;:&quot;true&quot;,&quot;pause_on_hover&quot;:&quot;true&quot;,&quot;autoplay_speed&quot;:5000,&quot;infinite&quot;:&quot;true&quot;,&quot;center_mode&quot;:&quot;&quot;,&quot;effect&quot;:&quot;slide&quot;,&quot;speed&quot;:500,&quot;inject_alternative_items&quot;:&quot;&quot;,&quot;injection_items&quot;:[],&quot;scroll_slider_enabled&quot;:&quot;&quot;,&quot;scroll_slider_on&quot;:[&quot;desktop&quot;,&quot;tablet&quot;,&quot;mobile&quot;],&quot;custom_query&quot;:false,&quot;custom_query_id&quot;:&quot;&quot;,&quot;_element_id&quot;:&quot;&quot;,&quot;collapse_first_last_gap&quot;:false,&quot;list_tag_selection&quot;:&quot;&quot;,&quot;list_items_wrapper_tag&quot;:&quot;div&quot;,&quot;list_item_tag&quot;:&quot;div&quot;,&quot;empty_items_wrapper_tag&quot;:&quot;div&quot;}}\" data-page=\"1\" data-pages=\"3\" data-listing-source=\"posts\" data-listing-id=\"1262\" data-query-id=\"\"><div class=\"jet-listing-grid__item jet-listing-dynamic-post-1692\" data-post-id=\"1692\"  ><style type=\"text\/css\">.jet-listing-dynamic-post-1692 .elementor-element.elementor-element-858c68f .jet-listing-dynamic-terms__link{border-color:#ffffff;}<\/style><div class=\"jet-engine-listing-overlay-wrap\" data-url=\"https:\/\/caribbeaninnovationdays.com\/en\/quel-est-le-vrai-prix-de-votre-participation-aux-cids\/\">\t\t<div data-elementor-type=\"jet-listing-items\" data-elementor-id=\"1262\" class=\"elementor elementor-1262\" data-elementor-post-type=\"jet-engine\">\n\t\t\t\t<div class=\"elementor-element elementor-element-8eac5bb e-con-full e-flex e-con e-child\" data-id=\"8eac5bb\" data-element_type=\"container\" data-e-type=\"container\" data-settings=\"{&quot;background_background&quot;:&quot;classic&quot;}\">\n\t\t\t\t<div class=\"elementor-element elementor-element-3cf93de elementor-widget elementor-widget-heading\" data-id=\"3cf93de\" data-element_type=\"widget\" data-e-type=\"widget\" data-widget_type=\"heading.default\">\n\t\t\t\t<div class=\"elementor-widget-container\">\n\t\t\t\t\t<h3 class=\"elementor-heading-title elementor-size-default\">QUEL EST LE VRAI PRIX DE VOTRE PARTICIPATION AUX CIDs\u00a0?<\/h3>\t\t\t\t<\/div>\n\t\t\t\t<\/div>\n\t\t<div class=\"elementor-element elementor-element-2f8ed93 e-con-full e-flex e-con e-child\" data-id=\"2f8ed93\" data-element_type=\"container\" data-e-type=\"container\">\n\t\t\t\t<div class=\"elementor-element elementor-element-3f77fc5 elementor-widget elementor-widget-heading\" data-id=\"3f77fc5\" data-element_type=\"widget\" data-e-type=\"widget\" data-widget_type=\"heading.default\">\n\t\t\t\t<div class=\"elementor-widget-container\">\n\t\t\t\t\t<p class=\"elementor-heading-title elementor-size-default\">Organiser un \u00e9v\u00e9nement comme les CIDs 2024 repr\u00e9sente un investissement important. Accueillir des personnalit\u00e9s de renom venus de la Cara\u00efbe et d\u2019ailleurs, louer un espace<\/p>\t\t\t\t<\/div>\n\t\t\t\t<\/div>\n\t\t<div class=\"elementor-element elementor-element-fe2d61d e-con-full e-flex e-con e-child\" data-id=\"fe2d61d\" data-element_type=\"container\" data-e-type=\"container\">\n\t\t\t\t<div class=\"elementor-element elementor-element-858c68f elementor-widget elementor-widget-jet-listing-dynamic-terms\" data-id=\"858c68f\" data-element_type=\"widget\" data-e-type=\"widget\" data-widget_type=\"jet-listing-dynamic-terms.default\">\n\t\t\t\t<div class=\"elementor-widget-container\">\n\t\t\t\t\t<div class=\"jet-listing jet-listing-dynamic-terms\"><span class=\"jet-listing-dynamic-terms__link\">News<\/span><\/div>\t\t\t\t<\/div>\n\t\t\t\t<\/div>\n\t\t\t\t<div class=\"elementor-element elementor-element-14d6e35 elementor-widget elementor-widget-heading\" data-id=\"14d6e35\" data-element_type=\"widget\" data-e-type=\"widget\" data-widget_type=\"heading.default\">\n\t\t\t\t<div class=\"elementor-widget-container\">\n\t\t\t\t\t<p class=\"elementor-heading-title elementor-size-default\">25\/11\/2024<\/p>\t\t\t\t<\/div>\n\t\t\t\t<\/div>\n\t\t\t\t<\/div>\n\t\t\t\t<\/div>\n\t\t\t\t<div class=\"elementor-element elementor-element-9b30f99 elementor-widget__width-inherit elementor-widget elementor-widget-image\" data-id=\"9b30f99\" data-element_type=\"widget\" data-e-type=\"widget\" data-widget_type=\"image.default\">\n\t\t\t\t<div class=\"elementor-widget-container\">\n\t\t\t\t\t\t\t\t\t\t\t\t\t\t\t<img fetchpriority=\"high\" decoding=\"async\" width=\"681\" height=\"473\" src=\"https:\/\/caribbeaninnovationdays.com\/wp-content\/uploads\/2024\/11\/ticket.webp\" class=\"attachment-large size-large wp-image-1693\" alt=\"\" srcset=\"https:\/\/caribbeaninnovationdays.com\/wp-content\/uploads\/2024\/11\/ticket.webp 681w, https:\/\/caribbeaninnovationdays.com\/wp-content\/uploads\/2024\/11\/ticket-300x208.webp 300w, https:\/\/caribbeaninnovationdays.com\/wp-content\/uploads\/2024\/11\/ticket-18x12.webp 18w\" sizes=\"(max-width: 681px) 100vw, 681px\" \/>\t\t\t\t\t\t\t\t\t\t\t\t\t\t\t<\/div>\n\t\t\t\t<\/div>\n\t\t\t\t<\/div>\n\t\t\t\t<\/div>\n\t\t<a href=\"https:\/\/caribbeaninnovationdays.com\/en\/quel-est-le-vrai-prix-de-votre-participation-aux-cids\/\" class=\"jet-engine-listing-overlay-link\"><\/a><\/div><\/div><\/div><\/div>\t\t\t\t<\/div>\n\t\t\t\t<\/div>\n\t\t\t\t<\/div>\n\t\t\t\t\t<\/div>\n\t\t\t\t<\/div>\n\t\t\t\t<\/div>\n\t\t","protected":false},"excerpt":{"rendered":"<p>Espace Presse D\u00e8s leur premi\u00e8re \u00e9dition, les CIDs nous plongent au c\u0153ur de l\u2019innovation carib\u00e9enne. Uncategorized<\/p>","protected":false},"author":1,"featured_media":0,"parent":0,"menu_order":0,"comment_status":"closed","ping_status":"closed","template":"","meta":{"footnotes":""},"class_list":["post-233","page","type-page","status-publish","hentry"],"yoast_head":"<!-- This site is optimized with the Yoast SEO plugin v27.0 - https:\/\/yoast.com\/product\/yoast-seo-wordpress\/ -->\n<title>Espace Presse - Caribbean Innovation Days<\/title>\n<meta name=\"robots\" content=\"index, follow, max-snippet:-1, max-image-preview:large, max-video-preview:-1\" \/>\n<link rel=\"canonical\" href=\"https:\/\/caribbeaninnovationdays.com\/en\/espace-presse\/\" \/>\n<meta property=\"og:locale\" content=\"en_US\" \/>\n<meta property=\"og:type\" content=\"article\" \/>\n<meta property=\"og:title\" content=\"Espace Presse - Caribbean Innovation Days\" \/>\n<meta property=\"og:description\" content=\"Espace Presse D\u00e8s leur premi\u00e8re \u00e9dition, les CIDs nous plongent au c\u0153ur de l\u2019innovation carib\u00e9enne. Uncategorized\" \/>\n<meta property=\"og:url\" content=\"https:\/\/caribbeaninnovationdays.com\/en\/espace-presse\/\" \/>\n<meta property=\"og:site_name\" content=\"Caribbean Innovation Days\" \/>\n<meta property=\"article:modified_time\" content=\"2024-11-08T11:38:18+00:00\" \/>\n<meta name=\"twitter:card\" content=\"summary_large_image\" \/>\n<script type=\"application\/ld+json\" class=\"yoast-schema-graph\">{\"@context\":\"https:\/\/schema.org\",\"@graph\":[{\"@type\":\"WebPage\",\"@id\":\"https:\/\/caribbeaninnovationdays.com\/espace-presse\/\",\"url\":\"https:\/\/caribbeaninnovationdays.com\/espace-presse\/\",\"name\":\"Espace Presse - Caribbean Innovation Days\",\"isPartOf\":{\"@id\":\"https:\/\/caribbeaninnovationdays.com\/#website\"},\"datePublished\":\"2024-10-28T12:30:03+00:00\",\"dateModified\":\"2024-11-08T11:38:18+00:00\",\"breadcrumb\":{\"@id\":\"https:\/\/caribbeaninnovationdays.com\/espace-presse\/#breadcrumb\"},\"inLanguage\":\"en-US\",\"potentialAction\":[{\"@type\":\"ReadAction\",\"target\":[\"https:\/\/caribbeaninnovationdays.com\/espace-presse\/\"]}]},{\"@type\":\"BreadcrumbList\",\"@id\":\"https:\/\/caribbeaninnovationdays.com\/espace-presse\/#breadcrumb\",\"itemListElement\":[{\"@type\":\"ListItem\",\"position\":1,\"name\":\"Accueil\",\"item\":\"https:\/\/caribbeaninnovationdays.com\/\"},{\"@type\":\"ListItem\",\"position\":2,\"name\":\"Espace Presse\"}]},{\"@type\":\"WebSite\",\"@id\":\"https:\/\/caribbeaninnovationdays.com\/#website\",\"url\":\"https:\/\/caribbeaninnovationdays.com\/\",\"name\":\"Caribbean Innovation Days\",\"description\":\"\",\"publisher\":{\"@id\":\"https:\/\/caribbeaninnovationdays.com\/#organization\"},\"potentialAction\":[{\"@type\":\"SearchAction\",\"target\":{\"@type\":\"EntryPoint\",\"urlTemplate\":\"https:\/\/caribbeaninnovationdays.com\/?s={search_term_string}\"},\"query-input\":{\"@type\":\"PropertyValueSpecification\",\"valueRequired\":true,\"valueName\":\"search_term_string\"}}],\"inLanguage\":\"en-US\"},{\"@type\":\"Organization\",\"@id\":\"https:\/\/caribbeaninnovationdays.com\/#organization\",\"name\":\"Caribbean Innovation Days\",\"url\":\"https:\/\/caribbeaninnovationdays.com\/\",\"logo\":{\"@type\":\"ImageObject\",\"inLanguage\":\"en-US\",\"@id\":\"https:\/\/caribbeaninnovationdays.com\/#\/schema\/logo\/image\/\",\"url\":\"https:\/\/caribbeaninnovationdays.com\/wp-content\/uploads\/2024\/10\/logo-cids.svg\",\"contentUrl\":\"https:\/\/caribbeaninnovationdays.com\/wp-content\/uploads\/2024\/10\/logo-cids.svg\",\"width\":243,\"height\":151,\"caption\":\"Caribbean Innovation Days\"},\"image\":{\"@id\":\"https:\/\/caribbeaninnovationdays.com\/#\/schema\/logo\/image\/\"}}]}<\/script>\n<!-- \/ Yoast SEO plugin. -->","yoast_head_json":{"title":"Espace Presse - Caribbean Innovation Days","robots":{"index":"index","follow":"follow","max-snippet":"max-snippet:-1","max-image-preview":"max-image-preview:large","max-video-preview":"max-video-preview:-1"},"canonical":"https:\/\/caribbeaninnovationdays.com\/en\/espace-presse\/","og_locale":"en_US","og_type":"article","og_title":"Espace Presse - Caribbean Innovation Days","og_description":"Espace Presse D\u00e8s leur premi\u00e8re \u00e9dition, les CIDs nous plongent au c\u0153ur de l\u2019innovation carib\u00e9enne. Uncategorized","og_url":"https:\/\/caribbeaninnovationdays.com\/en\/espace-presse\/","og_site_name":"Caribbean Innovation Days","article_modified_time":"2024-11-08T11:38:18+00:00","twitter_card":"summary_large_image","schema":{"@context":"https:\/\/schema.org","@graph":[{"@type":"WebPage","@id":"https:\/\/caribbeaninnovationdays.com\/espace-presse\/","url":"https:\/\/caribbeaninnovationdays.com\/espace-presse\/","name":"Espace Presse - Caribbean Innovation Days","isPartOf":{"@id":"https:\/\/caribbeaninnovationdays.com\/#website"},"datePublished":"2024-10-28T12:30:03+00:00","dateModified":"2024-11-08T11:38:18+00:00","breadcrumb":{"@id":"https:\/\/caribbeaninnovationdays.com\/espace-presse\/#breadcrumb"},"inLanguage":"en-US","potentialAction":[{"@type":"ReadAction","target":["https:\/\/caribbeaninnovationdays.com\/espace-presse\/"]}]},{"@type":"BreadcrumbList","@id":"https:\/\/caribbeaninnovationdays.com\/espace-presse\/#breadcrumb","itemListElement":[{"@type":"ListItem","position":1,"name":"Accueil","item":"https:\/\/caribbeaninnovationdays.com\/"},{"@type":"ListItem","position":2,"name":"Espace Presse"}]},{"@type":"WebSite","@id":"https:\/\/caribbeaninnovationdays.com\/#website","url":"https:\/\/caribbeaninnovationdays.com\/","name":"Caribbean Innovation Days","description":"","publisher":{"@id":"https:\/\/caribbeaninnovationdays.com\/#organization"},"potentialAction":[{"@type":"SearchAction","target":{"@type":"EntryPoint","urlTemplate":"https:\/\/caribbeaninnovationdays.com\/?s={search_term_string}"},"query-input":{"@type":"PropertyValueSpecification","valueRequired":true,"valueName":"search_term_string"}}],"inLanguage":"en-US"},{"@type":"Organization","@id":"https:\/\/caribbeaninnovationdays.com\/#organization","name":"Caribbean Innovation Days","url":"https:\/\/caribbeaninnovationdays.com\/","logo":{"@type":"ImageObject","inLanguage":"en-US","@id":"https:\/\/caribbeaninnovationdays.com\/#\/schema\/logo\/image\/","url":"https:\/\/caribbeaninnovationdays.com\/wp-content\/uploads\/2024\/10\/logo-cids.svg","contentUrl":"https:\/\/caribbeaninnovationdays.com\/wp-content\/uploads\/2024\/10\/logo-cids.svg","width":243,"height":151,"caption":"Caribbean Innovation Days"},"image":{"@id":"https:\/\/caribbeaninnovationdays.com\/#\/schema\/logo\/image\/"}}]}},"_links":{"self":[{"href":"https:\/\/caribbeaninnovationdays.com\/en\/wp-json\/wp\/v2\/pages\/233","targetHints":{"allow":["GET"]}}],"collection":[{"href":"https:\/\/caribbeaninnovationdays.com\/en\/wp-json\/wp\/v2\/pages"}],"about":[{"href":"https:\/\/caribbeaninnovationdays.com\/en\/wp-json\/wp\/v2\/types\/page"}],"author":[{"embeddable":true,"href":"https:\/\/caribbeaninnovationdays.com\/en\/wp-json\/wp\/v2\/users\/1"}],"replies":[{"embeddable":true,"href":"https:\/\/caribbeaninnovationdays.com\/en\/wp-json\/wp\/v2\/comments?post=233"}],"version-history":[{"count":7,"href":"https:\/\/caribbeaninnovationdays.com\/en\/wp-json\/wp\/v2\/pages\/233\/revisions"}],"predecessor-version":[{"id":1355,"href":"https:\/\/caribbeaninnovationdays.com\/en\/wp-json\/wp\/v2\/pages\/233\/revisions\/1355"}],"wp:attachment":[{"href":"https:\/\/caribbeaninnovationdays.com\/en\/wp-json\/wp\/v2\/media?parent=233"}],"curies":[{"name":"wp","href":"https:\/\/api.w.org\/{rel}","templated":true}]}}